{"id":7307,"date":"2024-08-06T13:14:00","date_gmt":"2024-08-06T13:14:00","guid":{"rendered":"https:\/\/fpisaofrancisco.inf.br\/?page_id=7307"},"modified":"2024-08-06T13:44:48","modified_gmt":"2024-08-06T13:44:48","slug":"programa-fpi-2","status":"publish","type":"page","link":"https:\/\/fpisaofrancisco.inf.br\/index.php\/programa-fpi-2\/","title":{"rendered":"Programa FPI"},"content":{"rendered":"\t\t<div data-elementor-type=\"wp-page\" data-elementor-id=\"7307\" class=\"elementor elementor-7307\" data-elementor-post-type=\"page\">\n\t\t\t\t<div class=\"elementor-element elementor-element-36e7018 e-flex e-con-boxed e-con e-parent\" data-id=\"36e7018\" data-element_type=\"container\" data-e-type=\"container\" data-settings=\"{&quot;background_background&quot;:&quot;classic&quot;}\">\n\t\t\t\t\t<div class=\"e-con-inner\">\n\t\t<div class=\"elementor-element elementor-element-7a74b66 e-con-full e-flex e-con e-child\" data-id=\"7a74b66\" data-element_type=\"container\" data-e-type=\"container\">\n\t\t\t\t<div class=\"elementor-element elementor-element-5b3a802 elementor-widget elementor-widget-heading\" data-id=\"5b3a802\" data-element_type=\"widget\" data-e-type=\"widget\" data-widget_type=\"heading.default\">\n\t\t\t\t<div class=\"elementor-widget-container\">\n\t\t\t\t\t<h2 class=\"elementor-heading-title elementor-size-default\">PROGRAMA FPI<\/h2>\t\t\t\t<\/div>\n\t\t\t\t<\/div>\n\t\t\t\t<\/div>\n\t\t\t\t\t<\/div>\n\t\t\t\t<\/div>\n\t\t<div class=\"elementor-element elementor-element-9ff47c1 e-flex e-con-boxed e-con e-parent\" data-id=\"9ff47c1\" data-element_type=\"container\" data-e-type=\"container\">\n\t\t\t\t\t<div class=\"e-con-inner\">\n\t\t\t\t<div class=\"elementor-element elementor-element-66a3d04 elementor-widget elementor-widget-spacer\" data-id=\"66a3d04\" data-element_type=\"widget\" data-e-type=\"widget\" data-widget_type=\"spacer.default\">\n\t\t\t\t<div class=\"elementor-widget-container\">\n\t\t\t\t\t\t\t<div class=\"elementor-spacer\">\n\t\t\t<div class=\"elementor-spacer-inner\"><\/div>\n\t\t<\/div>\n\t\t\t\t\t\t<\/div>\n\t\t\t\t<\/div>\n\t\t\t\t<div class=\"elementor-element elementor-element-97cd0f2 elementor-widget elementor-widget-text-editor\" data-id=\"97cd0f2\" data-element_type=\"widget\" data-e-type=\"widget\" data-widget_type=\"text-editor.default\">\n\t\t\t\t<div class=\"elementor-widget-container\">\n\t\t\t\t\t\t\t\t\t<p style=\"text-align: center;\"><strong>PROGRAMA FPI NA BACIA DO RIO S\u00c3O FRANCISCO<\/strong><\/p><p>O Rio S\u00e3o Francisco situa-se no semi\u00e1rido brasileiro e a sua bacia hidrogr\u00e1fica abrange os estados de Alagoas, Bahia, Goi\u00e1s, Minas Gerais, Pernambuco e Sergipe, al\u00e9m do Distrito Federal. Ao longo dos seus 2.700km, descortina belezas naturais exuberantes, sendo um celeiro para a exist\u00eancia de diversas esp\u00e9cies da fauna e da flora. Em toda a sua exten- s\u00e3o est\u00e3o presentes povos e comunidades tradicionais de diversas etnias, formando a sua rica identidade.<br \/>O Velho Chico e os seus afluentes permitiram o desenvolvi- mento de diversas atividades econ\u00f4micas por todo o seu territ\u00f3rio, em raz\u00e3o da potencialidade de suas \u00e1guas. Ocorre que, durante anos, a super utiliza\u00e7\u00e3o dos recursos h\u00eddricos, o desmatamento e o desenvolvimento de atividades produti- vas sem respeito \u00e0s normas ambientais provocaram grandes problemas ecol\u00f3gicos e sociais nesta bacia, sendo tais danos causados por diversos vetores de degrada\u00e7\u00e3o.<br \/>Para modificar este quadro, em 2002 foi criada, na Bahia, a FPI &#8211; Fiscaliza\u00e7\u00e3o Preventiva Integrada do S\u00e3o Francisco. Posteriormente, o programa foi expandido para os estados de Sergipe, Alagoas, Pernambuco e Minas Gerais, que atuam de forma articulada.<br \/>A atua\u00e7\u00e3o conjunta \u00e9 realizada por mais de 90 \u00f3rg\u00e3os, como o Minist\u00e9rio P\u00fablico dos Estados da Bacia, o Minist\u00e9rio P\u00fablico Federal, o Minist\u00e9rio P\u00fablico do Trabalho, pol\u00edcias, \u00f3rg\u00e3os federais e estaduais de meio ambiente, recursos h\u00eddricos, sa\u00fade, patrim\u00f4nio cultural, de defesa agropecu\u00e1ria, conselhos profissionais, entidades da sociedade civil, Comit\u00ea de Bacia do S\u00e3o Francisco e Ag\u00eancia Peixe Vivo, dentre outros.<br \/>Com metodologia definida coletivamente por todos os parceiros que o integram, horizontalidade de decis\u00f5es e apoio indispens\u00e1vel da popula\u00e7\u00e3o da bacia, o Programa passou a ser uma refer\u00eancia de a\u00e7\u00e3o exitosa. O objetivo \u00e9 melhorar a qualidade ambiental do Velho Chico e a qualidade de vida de seus povos.<br \/>A a\u00e7\u00e3o interdisciplinar propicia um olhar mais amplo da realidade, permitindo, assim, uma interven\u00e7\u00e3o mais completa diante dos diferentes problemas enfrentados na bacia.<br \/>O Programa FPI \u00e9 indutor de pol\u00edticas p\u00fablicas diversas. Atua diagnosticando, integrando e induzindo a implementa\u00e7\u00e3o de diversas pol\u00edticas: de recursos h\u00eddricos; de meio ambiente; de saneamento; de res\u00edduos s\u00f3lidos; de educa\u00e7\u00e3o ambiental; de mudan\u00e7as clim\u00e1ticas; de agroecologia; de fauna, dentre outras.<br \/>A FPI constitui-se num Programa s\u00f3cio-educador, que estimula a conscientiza\u00e7\u00e3o da popula\u00e7\u00e3o sanfranciscana. Estimula-se a reflex\u00e3o de pertencimento \u00e0 bacia do rio S\u00e3o Francisco e acerca das consequ\u00eancias do seu agir, estimulando a cidadania ambiental.<br \/>Com as diversas tem\u00e1ticas de atua\u00e7\u00e3o do Programa s\u00e3o estimulados e fomentados os 17 Objetivos de Desenvolvi- mento Sustent\u00e1vel (ODS), implementados pela Organiza\u00e7\u00e3o das Na\u00e7\u00f5es Unidas (ONU).<\/p>\t\t\t\t\t\t\t\t<\/div>\n\t\t\t\t<\/div>\n\t\t\t\t\t<\/div>\n\t\t\t\t<\/div>\n\t\t<div class=\"elementor-element elementor-element-b33f094 e-flex e-con-boxed e-con e-parent\" data-id=\"b33f094\" data-element_type=\"container\" data-e-type=\"container\">\n\t\t\t\t\t<div class=\"e-con-inner\">\n\t\t\t\t<div class=\"elementor-element elementor-element-31f1ebb elementor-widget elementor-widget-image\" data-id=\"31f1ebb\" data-element_type=\"widget\" data-e-type=\"widget\" data-widget_type=\"image.default\">\n\t\t\t\t<div class=\"elementor-widget-container\">\n\t\t\t\t\t\t\t\t\t\t\t\t\t\t\t<img fetchpriority=\"high\" decoding=\"async\" width=\"1024\" height=\"645\" src=\"https:\/\/fpisaofrancisco.inf.br\/wp-content\/uploads\/2024\/08\/imagem_2024-08-06_104425774.png\" class=\"attachment-full size-full wp-image-7341\" alt=\"\" \/>\t\t\t\t\t\t\t\t\t\t\t\t\t\t\t<\/div>\n\t\t\t\t<\/div>\n\t\t\t\t\t<\/div>\n\t\t\t\t<\/div>\n\t\t\t\t<\/div>\n\t\t","protected":false},"excerpt":{"rendered":"<p>PROGRAMA FPI PROGRAMA FPI NA BACIA DO RIO S\u00c3O FRANCISCO O Rio S\u00e3o Francisco situa-se no semi\u00e1rido brasileiro e a sua bacia hidrogr\u00e1fica abrange os estados de Alagoas, Bahia, Goi\u00e1s, Minas Gerais, Pernambuco e Sergipe, al\u00e9m do Distrito Federal. Ao longo dos seus 2.700km, descortina belezas naturais exuberantes, sendo um celeiro para a exist\u00eancia de&hellip;<\/p>\n","protected":false},"author":2,"featured_media":0,"parent":0,"menu_order":0,"comment_status":"closed","ping_status":"closed","template":"elementor_canvas","meta":{"footnotes":""},"class_list":["post-7307","page","type-page","status-publish","hentry"],"aioseo_notices":[],"jetpack_sharing_enabled":true,"_links":{"self":[{"href":"https:\/\/fpisaofrancisco.inf.br\/index.php\/wp-json\/wp\/v2\/pages\/7307","targetHints":{"allow":["GET"]}}],"collection":[{"href":"https:\/\/fpisaofrancisco.inf.br\/index.php\/wp-json\/wp\/v2\/pages"}],"about":[{"href":"https:\/\/fpisaofrancisco.inf.br\/index.php\/wp-json\/wp\/v2\/types\/page"}],"author":[{"embeddable":true,"href":"https:\/\/fpisaofrancisco.inf.br\/index.php\/wp-json\/wp\/v2\/users\/2"}],"replies":[{"embeddable":true,"href":"https:\/\/fpisaofrancisco.inf.br\/index.php\/wp-json\/wp\/v2\/comments?post=7307"}],"version-history":[{"count":16,"href":"https:\/\/fpisaofrancisco.inf.br\/index.php\/wp-json\/wp\/v2\/pages\/7307\/revisions"}],"predecessor-version":[{"id":7344,"href":"https:\/\/fpisaofrancisco.inf.br\/index.php\/wp-json\/wp\/v2\/pages\/7307\/revisions\/7344"}],"wp:attachment":[{"href":"https:\/\/fpisaofrancisco.inf.br\/index.php\/wp-json\/wp\/v2\/media?parent=7307"}],"curies":[{"name":"wp","href":"https:\/\/api.w.org\/{rel}","templated":true}]}}