{"id":5951,"date":"2024-04-15T12:55:37","date_gmt":"2024-04-15T12:55:37","guid":{"rendered":"https:\/\/fpisaofrancisco.inf.br\/?page_id=5951"},"modified":"2024-05-14T13:46:27","modified_gmt":"2024-05-14T13:46:27","slug":"home-2","status":"publish","type":"page","link":"https:\/\/fpisaofrancisco.inf.br\/","title":{"rendered":"Home"},"content":{"rendered":"\t\t<div data-elementor-type=\"wp-page\" data-elementor-id=\"5951\" class=\"elementor elementor-5951\" data-elementor-post-type=\"page\">\n\t\t\t\t<div class=\"elementor-element elementor-element-cea46a1 e-con-full e-flex e-con e-parent\" data-id=\"cea46a1\" data-element_type=\"container\" data-e-type=\"container\">\n\t\t\t\t<div class=\"elementor-element elementor-element-df5934e elementor-widget elementor-widget-image\" data-id=\"df5934e\" data-element_type=\"widget\" data-e-type=\"widget\" data-widget_type=\"image.default\">\n\t\t\t\t<div class=\"elementor-widget-container\">\n\t\t\t\t\t\t\t\t\t\t\t\t\t\t\t<img fetchpriority=\"high\" decoding=\"async\" width=\"4001\" height=\"988\" src=\"https:\/\/fpisaofrancisco.inf.br\/wp-content\/uploads\/2024\/04\/banner-topo-fpi.png\" class=\"attachment-full size-full wp-image-5958\" alt=\"\" \/>\t\t\t\t\t\t\t\t\t\t\t\t\t\t\t<\/div>\n\t\t\t\t<\/div>\n\t\t\t\t<\/div>\n\t\t<div class=\"elementor-element elementor-element-78b40b2 e-flex e-con-boxed e-con e-parent\" data-id=\"78b40b2\" data-element_type=\"container\" data-e-type=\"container\" data-settings=\"{&quot;background_background&quot;:&quot;classic&quot;}\">\n\t\t\t\t\t<div class=\"e-con-inner\">\n\t\t<div class=\"elementor-element elementor-element-497d549 e-con-full e-flex e-con e-child\" data-id=\"497d549\" data-element_type=\"container\" data-e-type=\"container\">\n\t\t\t\t<div class=\"elementor-element elementor-element-85ecbb5 elementor-widget elementor-widget-spacer\" data-id=\"85ecbb5\" data-element_type=\"widget\" data-e-type=\"widget\" data-widget_type=\"spacer.default\">\n\t\t\t\t<div class=\"elementor-widget-container\">\n\t\t\t\t\t\t\t<div class=\"elementor-spacer\">\n\t\t\t<div class=\"elementor-spacer-inner\"><\/div>\n\t\t<\/div>\n\t\t\t\t\t\t<\/div>\n\t\t\t\t<\/div>\n\t\t\t\t<div class=\"elementor-element elementor-element-7784c20 elementor-widget elementor-widget-heading\" data-id=\"7784c20\" data-element_type=\"widget\" data-e-type=\"widget\" data-widget_type=\"heading.default\">\n\t\t\t\t<div class=\"elementor-widget-container\">\n\t\t\t\t\t<h2 class=\"elementor-heading-title elementor-size-default\"><B>FPI<\/b> <span style=\"color: #f6ee33\"> POR ESTADO <\/span><\/h2>\t\t\t\t<\/div>\n\t\t\t\t<\/div>\n\t\t\t\t<div class=\"elementor-element elementor-element-5698c54 elementor-widget elementor-widget-spacer\" data-id=\"5698c54\" data-element_type=\"widget\" data-e-type=\"widget\" data-widget_type=\"spacer.default\">\n\t\t\t\t<div class=\"elementor-widget-container\">\n\t\t\t\t\t\t\t<div class=\"elementor-spacer\">\n\t\t\t<div class=\"elementor-spacer-inner\"><\/div>\n\t\t<\/div>\n\t\t\t\t\t\t<\/div>\n\t\t\t\t<\/div>\n\t\t\t\t<\/div>\n\t\t<a class=\"elementor-element elementor-element-0ab0a66 e-con-full e-flex e-con e-child\" data-id=\"0ab0a66\" data-element_type=\"container\" data-e-type=\"container\" href=\"https:\/\/fpisaofrancisco.inf.br\/index.php\/alagoas\/\">\n\t\t\t\t<div class=\"elementor-element elementor-element-632123e elementor-widget elementor-widget-image\" data-id=\"632123e\" data-element_type=\"widget\" data-e-type=\"widget\" data-widget_type=\"image.default\">\n\t\t\t\t<div class=\"elementor-widget-container\">\n\t\t\t\t\t\t\t\t\t\t\t\t\t\t\t<img decoding=\"async\" width=\"476\" height=\"348\" src=\"https:\/\/fpisaofrancisco.inf.br\/wp-content\/uploads\/2024\/04\/banedeira-alagoas.png\" class=\"attachment-full size-full wp-image-5963\" alt=\"\" \/>\t\t\t\t\t\t\t\t\t\t\t\t\t\t\t<\/div>\n\t\t\t\t<\/div>\n\t\t\t\t<div class=\"elementor-element elementor-element-852a43d elementor-hidden-tablet elementor-hidden-mobile elementor-widget elementor-widget-heading\" data-id=\"852a43d\" data-element_type=\"widget\" data-e-type=\"widget\" data-widget_type=\"heading.default\">\n\t\t\t\t<div class=\"elementor-widget-container\">\n\t\t\t\t\t<h2 class=\"elementor-heading-title elementor-size-default\">ALAGOAS<\/h2>\t\t\t\t<\/div>\n\t\t\t\t<\/div>\n\t\t\t\t<\/a>\n\t\t<a class=\"elementor-element elementor-element-7343999 e-con-full e-flex e-con e-child\" data-id=\"7343999\" data-element_type=\"container\" data-e-type=\"container\" href=\"https:\/\/fpisaofrancisco.inf.br\/index.php\/bahia\/\">\n\t\t\t\t<div class=\"elementor-element elementor-element-7745d4f elementor-widget elementor-widget-image\" data-id=\"7745d4f\" data-element_type=\"widget\" data-e-type=\"widget\" data-widget_type=\"image.default\">\n\t\t\t\t<div class=\"elementor-widget-container\">\n\t\t\t\t\t\t\t\t\t\t\t\t\t\t\t<img decoding=\"async\" width=\"476\" height=\"348\" src=\"https:\/\/fpisaofrancisco.inf.br\/wp-content\/uploads\/2024\/04\/bandeira-bahia.png\" class=\"attachment-full size-full wp-image-5962\" alt=\"\" \/>\t\t\t\t\t\t\t\t\t\t\t\t\t\t\t<\/div>\n\t\t\t\t<\/div>\n\t\t\t\t<div class=\"elementor-element elementor-element-6538fbd elementor-hidden-tablet elementor-hidden-mobile elementor-widget elementor-widget-heading\" data-id=\"6538fbd\" data-element_type=\"widget\" data-e-type=\"widget\" data-widget_type=\"heading.default\">\n\t\t\t\t<div class=\"elementor-widget-container\">\n\t\t\t\t\t<h2 class=\"elementor-heading-title elementor-size-default\">BAHIA<\/h2>\t\t\t\t<\/div>\n\t\t\t\t<\/div>\n\t\t\t\t<\/a>\n\t\t<a class=\"elementor-element elementor-element-8423bb4 e-con-full e-flex e-con e-child\" data-id=\"8423bb4\" data-element_type=\"container\" data-e-type=\"container\" href=\"https:\/\/fpisaofrancisco.inf.br\/index.php\/minas\/\">\n\t\t\t\t<div class=\"elementor-element elementor-element-2e81a3f elementor-widget elementor-widget-image\" data-id=\"2e81a3f\" data-element_type=\"widget\" data-e-type=\"widget\" data-widget_type=\"image.default\">\n\t\t\t\t<div class=\"elementor-widget-container\">\n\t\t\t\t\t\t\t\t\t\t\t\t\t\t\t<img loading=\"lazy\" decoding=\"async\" width=\"476\" height=\"348\" src=\"https:\/\/fpisaofrancisco.inf.br\/wp-content\/uploads\/2024\/04\/bandeira-minas.png\" class=\"attachment-full size-full wp-image-5960\" alt=\"\" \/>\t\t\t\t\t\t\t\t\t\t\t\t\t\t\t<\/div>\n\t\t\t\t<\/div>\n\t\t\t\t<div class=\"elementor-element elementor-element-0409ae3 elementor-hidden-tablet elementor-hidden-mobile elementor-widget elementor-widget-heading\" data-id=\"0409ae3\" data-element_type=\"widget\" data-e-type=\"widget\" data-widget_type=\"heading.default\">\n\t\t\t\t<div class=\"elementor-widget-container\">\n\t\t\t\t\t<h2 class=\"elementor-heading-title elementor-size-default\">MINAS<\/h2>\t\t\t\t<\/div>\n\t\t\t\t<\/div>\n\t\t\t\t<\/a>\n\t\t<a class=\"elementor-element elementor-element-14b359b e-con-full e-flex e-con e-child\" data-id=\"14b359b\" data-element_type=\"container\" data-e-type=\"container\" href=\"https:\/\/fpisaofrancisco.inf.br\/index.php\/pernambuco\">\n\t\t\t\t<div class=\"elementor-element elementor-element-d9e9ffe elementor-widget elementor-widget-image\" data-id=\"d9e9ffe\" data-element_type=\"widget\" data-e-type=\"widget\" data-widget_type=\"image.default\">\n\t\t\t\t<div class=\"elementor-widget-container\">\n\t\t\t\t\t\t\t\t\t\t\t\t\t\t\t<img loading=\"lazy\" decoding=\"async\" width=\"476\" height=\"348\" src=\"https:\/\/fpisaofrancisco.inf.br\/wp-content\/uploads\/2024\/04\/bandeira-pernambuco.png\" class=\"attachment-full size-full wp-image-5959\" alt=\"\" \/>\t\t\t\t\t\t\t\t\t\t\t\t\t\t\t<\/div>\n\t\t\t\t<\/div>\n\t\t\t\t<div class=\"elementor-element elementor-element-a4547fe elementor-hidden-tablet elementor-hidden-mobile elementor-widget elementor-widget-heading\" data-id=\"a4547fe\" data-element_type=\"widget\" data-e-type=\"widget\" data-widget_type=\"heading.default\">\n\t\t\t\t<div class=\"elementor-widget-container\">\n\t\t\t\t\t<h2 class=\"elementor-heading-title elementor-size-default\">PERNAMBUCO <\/h2>\t\t\t\t<\/div>\n\t\t\t\t<\/div>\n\t\t\t\t<\/a>\n\t\t<a class=\"elementor-element elementor-element-e9e9658 e-con-full e-flex e-con e-child\" data-id=\"e9e9658\" data-element_type=\"container\" data-e-type=\"container\" href=\"https:\/\/fpisaofrancisco.inf.br\/index.php\/sergipe\/\">\n\t\t\t\t<div class=\"elementor-element elementor-element-f5de4c3 elementor-widget elementor-widget-image\" data-id=\"f5de4c3\" data-element_type=\"widget\" data-e-type=\"widget\" data-widget_type=\"image.default\">\n\t\t\t\t<div class=\"elementor-widget-container\">\n\t\t\t\t\t\t\t\t\t\t\t\t\t\t\t<img loading=\"lazy\" decoding=\"async\" width=\"476\" height=\"348\" src=\"https:\/\/fpisaofrancisco.inf.br\/wp-content\/uploads\/2024\/04\/bandeira-sergipe.png\" class=\"attachment-full size-full wp-image-5961\" alt=\"\" \/>\t\t\t\t\t\t\t\t\t\t\t\t\t\t\t<\/div>\n\t\t\t\t<\/div>\n\t\t\t\t<div class=\"elementor-element elementor-element-74fd757 elementor-hidden-tablet elementor-hidden-mobile elementor-widget elementor-widget-heading\" data-id=\"74fd757\" data-element_type=\"widget\" data-e-type=\"widget\" data-widget_type=\"heading.default\">\n\t\t\t\t<div class=\"elementor-widget-container\">\n\t\t\t\t\t<h2 class=\"elementor-heading-title elementor-size-default\">SERGIPE<\/h2>\t\t\t\t<\/div>\n\t\t\t\t<\/div>\n\t\t\t\t<\/a>\n\t\t\t\t\t<\/div>\n\t\t\t\t<\/div>\n\t\t<div class=\"elementor-element elementor-element-0237517 e-flex e-con-boxed e-con e-parent\" data-id=\"0237517\" data-element_type=\"container\" data-e-type=\"container\">\n\t\t\t\t\t<div class=\"e-con-inner\">\n\t\t\t\t<div class=\"elementor-element elementor-element-b4b8921 elementor-widget elementor-widget-spacer\" data-id=\"b4b8921\" data-element_type=\"widget\" data-e-type=\"widget\" data-widget_type=\"spacer.default\">\n\t\t\t\t<div class=\"elementor-widget-container\">\n\t\t\t\t\t\t\t<div class=\"elementor-spacer\">\n\t\t\t<div class=\"elementor-spacer-inner\"><\/div>\n\t\t<\/div>\n\t\t\t\t\t\t<\/div>\n\t\t\t\t<\/div>\n\t\t\t\t<div class=\"elementor-element elementor-element-fce69d5 elementor-widget elementor-widget-heading\" data-id=\"fce69d5\" data-element_type=\"widget\" data-e-type=\"widget\" data-widget_type=\"heading.default\">\n\t\t\t\t<div class=\"elementor-widget-container\">\n\t\t\t\t\t<h2 class=\"elementor-heading-title elementor-size-default\"><B>FPI<\/B> NOT\u00cdCIAS<\/h2>\t\t\t\t<\/div>\n\t\t\t\t<\/div>\n\t\t\t\t\t<\/div>\n\t\t\t\t<\/div>\n\t\t<div class=\"elementor-element elementor-element-a86cd6c e-flex e-con-boxed e-con e-parent\" data-id=\"a86cd6c\" data-element_type=\"container\" data-e-type=\"container\">\n\t\t\t\t\t<div class=\"e-con-inner\">\n\t\t<div class=\"elementor-element elementor-element-3e826ed e-con-full e-flex e-con e-child\" data-id=\"3e826ed\" data-element_type=\"container\" data-e-type=\"container\">\n\t\t\t\t<div class=\"elementor-element elementor-element-6b9495f elementor-widget__width-initial elementor-grid-1 elementor-grid-tablet-2 elementor-grid-mobile-1 elementor-posts--thumbnail-top elementor-card-shadow-yes elementor-posts__hover-gradient elementor-widget elementor-widget-posts\" data-id=\"6b9495f\" data-element_type=\"widget\" data-e-type=\"widget\" data-settings=\"{&quot;cards_columns&quot;:&quot;1&quot;,&quot;cards_columns_tablet&quot;:&quot;2&quot;,&quot;cards_columns_mobile&quot;:&quot;1&quot;,&quot;cards_row_gap&quot;:{&quot;unit&quot;:&quot;px&quot;,&quot;size&quot;:35,&quot;sizes&quot;:[]},&quot;cards_row_gap_tablet&quot;:{&quot;unit&quot;:&quot;px&quot;,&quot;size&quot;:&quot;&quot;,&quot;sizes&quot;:[]},&quot;cards_row_gap_mobile&quot;:{&quot;unit&quot;:&quot;px&quot;,&quot;size&quot;:&quot;&quot;,&quot;sizes&quot;:[]}}\" data-widget_type=\"posts.cards\">\n\t\t\t\t<div class=\"elementor-widget-container\">\n\t\t\t\t\t\t\t<div class=\"elementor-posts-container elementor-posts elementor-posts--skin-cards elementor-grid\" role=\"list\">\n\t\t\t\t<article class=\"elementor-post elementor-grid-item post-9056 post type-post status-publish format-standard has-post-thumbnail hentry category-blog category-1 description-off\" role=\"listitem\">\n\t\t\t<div class=\"elementor-post__card\">\n\t\t\t\t<a class=\"elementor-post__thumbnail__link\" href=\"https:\/\/fpisaofrancisco.inf.br\/index.php\/2026\/04\/20\/19-de-abril-dia-de-respeito-a-identidade-e-territorios\/\" tabindex=\"-1\" ><div class=\"elementor-post__thumbnail\"><img loading=\"lazy\" decoding=\"async\" width=\"300\" height=\"169\" src=\"https:\/\/fpisaofrancisco.inf.br\/wp-content\/uploads\/2026\/04\/Post-do-instagram-dia-dos-povos-indigenas-povos-originarios-moderno-foto-Papel-de-parede-3-300x169.png\" class=\"attachment-medium size-medium wp-image-9057\" alt=\"\" srcset=\"https:\/\/fpisaofrancisco.inf.br\/wp-content\/uploads\/2026\/04\/Post-do-instagram-dia-dos-povos-indigenas-povos-originarios-moderno-foto-Papel-de-parede-3-300x169.png 300w, https:\/\/fpisaofrancisco.inf.br\/wp-content\/uploads\/2026\/04\/Post-do-instagram-dia-dos-povos-indigenas-povos-originarios-moderno-foto-Papel-de-parede-3-1024x576.png 1024w, https:\/\/fpisaofrancisco.inf.br\/wp-content\/uploads\/2026\/04\/Post-do-instagram-dia-dos-povos-indigenas-povos-originarios-moderno-foto-Papel-de-parede-3-768x432.png 768w, https:\/\/fpisaofrancisco.inf.br\/wp-content\/uploads\/2026\/04\/Post-do-instagram-dia-dos-povos-indigenas-povos-originarios-moderno-foto-Papel-de-parede-3-1536x864.png 1536w, https:\/\/fpisaofrancisco.inf.br\/wp-content\/uploads\/2026\/04\/Post-do-instagram-dia-dos-povos-indigenas-povos-originarios-moderno-foto-Papel-de-parede-3.png 1920w\" sizes=\"(max-width: 300px) 100vw, 300px\" \/><\/div><\/a>\n\t\t\t\t<div class=\"elementor-post__badge\">Blog<\/div>\n\t\t\t\t<div class=\"elementor-post__text\">\n\t\t\t\t<h3 class=\"elementor-post__title\">\n\t\t\t<a href=\"https:\/\/fpisaofrancisco.inf.br\/index.php\/2026\/04\/20\/19-de-abril-dia-de-respeito-a-identidade-e-territorios\/\" >\n\t\t\t\t19 de Abril, dia de respeito \u00e0 identidade e territ\u00f3rios\t\t\t<\/a>\n\t\t<\/h3>\n\t\t\t\t<div class=\"elementor-post__excerpt\">\n\t\t\t<p>A data surge da necessidade de um dia emblem\u00e1tico de respeito e conscientiza\u00e7\u00e3o, mas a pr\u00e1tica exige de n\u00f3s essa postura diariamente, j\u00e1 que a<\/p>\n\t\t<\/div>\n\t\t\n\t\t<a class=\"elementor-post__read-more\" href=\"https:\/\/fpisaofrancisco.inf.br\/index.php\/2026\/04\/20\/19-de-abril-dia-de-respeito-a-identidade-e-territorios\/\" aria-label=\"Leia mais sobre 19 de Abril, dia de respeito \u00e0 identidade e territ\u00f3rios\" tabindex=\"-1\" >\n\t\t\tLeia mais \u00bb\t\t<\/a>\n\n\t\t\t\t<\/div>\n\t\t\t\t<div class=\"elementor-post__meta-data\">\n\t\t\t\t\t<span class=\"elementor-post-date\">\n\t\t\tabril 20, 2026\t\t<\/span>\n\t\t\t\t<\/div>\n\t\t\t\t\t<\/div>\n\t\t<\/article>\n\t\t\t\t<\/div>\n\t\t\n\t\t\t\t\t\t<\/div>\n\t\t\t\t<\/div>\n\t\t\t\t<\/div>\n\t\t<div class=\"elementor-element elementor-element-464bac2 e-con-full elementor-hidden-tablet elementor-hidden-mobile e-flex e-con e-child\" data-id=\"464bac2\" data-element_type=\"container\" data-e-type=\"container\">\n\t\t\t\t<div class=\"elementor-element elementor-element-b1a2493 elementor-grid-1 elementor-grid-tablet-2 elementor-grid-mobile-1 elementor-posts--thumbnail-top elementor-card-shadow-yes elementor-posts__hover-gradient elementor-widget elementor-widget-posts\" data-id=\"b1a2493\" data-element_type=\"widget\" data-e-type=\"widget\" data-settings=\"{&quot;cards_columns&quot;:&quot;1&quot;,&quot;cards_columns_tablet&quot;:&quot;2&quot;,&quot;cards_columns_mobile&quot;:&quot;1&quot;,&quot;cards_row_gap&quot;:{&quot;unit&quot;:&quot;px&quot;,&quot;size&quot;:35,&quot;sizes&quot;:[]},&quot;cards_row_gap_tablet&quot;:{&quot;unit&quot;:&quot;px&quot;,&quot;size&quot;:&quot;&quot;,&quot;sizes&quot;:[]},&quot;cards_row_gap_mobile&quot;:{&quot;unit&quot;:&quot;px&quot;,&quot;size&quot;:&quot;&quot;,&quot;sizes&quot;:[]}}\" data-widget_type=\"posts.cards\">\n\t\t\t\t<div class=\"elementor-widget-container\">\n\t\t\t\t\t\t\t<div class=\"elementor-posts-container elementor-posts elementor-posts--skin-cards elementor-grid\" role=\"list\">\n\t\t\t\t<article class=\"elementor-post elementor-grid-item post-9048 post type-post status-publish format-standard has-post-thumbnail hentry category-52etapafpiba category-blog category-noticias category-noticias-bahia category-345 category-1 category-215 category-71 description-off\" role=\"listitem\">\n\t\t\t<div class=\"elementor-post__card\">\n\t\t\t\t<a class=\"elementor-post__thumbnail__link\" href=\"https:\/\/fpisaofrancisco.inf.br\/index.php\/2025\/10\/22\/rinha-de-galo-e-descoberta-pela-fpi-ba-em-miguel-calmon\/\" tabindex=\"-1\" ><div class=\"elementor-post__thumbnail\"><img loading=\"lazy\" decoding=\"async\" width=\"2560\" height=\"1453\" src=\"https:\/\/fpisaofrancisco.inf.br\/wp-content\/uploads\/2025\/10\/1-scaled.jpg\" class=\"attachment-full size-full wp-image-9049\" alt=\"\" srcset=\"https:\/\/fpisaofrancisco.inf.br\/wp-content\/uploads\/2025\/10\/1-scaled.jpg 2560w, https:\/\/fpisaofrancisco.inf.br\/wp-content\/uploads\/2025\/10\/1-300x170.jpg 300w, https:\/\/fpisaofrancisco.inf.br\/wp-content\/uploads\/2025\/10\/1-1024x581.jpg 1024w, https:\/\/fpisaofrancisco.inf.br\/wp-content\/uploads\/2025\/10\/1-768x436.jpg 768w, https:\/\/fpisaofrancisco.inf.br\/wp-content\/uploads\/2025\/10\/1-1536x872.jpg 1536w, https:\/\/fpisaofrancisco.inf.br\/wp-content\/uploads\/2025\/10\/1-2048x1162.jpg 2048w\" sizes=\"(max-width: 2560px) 100vw, 2560px\" \/><\/div><\/a>\n\t\t\t\t<div class=\"elementor-post__badge\">52\u00aa Etapa FPI BA<\/div>\n\t\t\t\t<div class=\"elementor-post__text\">\n\t\t\t\t<h3 class=\"elementor-post__title\">\n\t\t\t<a href=\"https:\/\/fpisaofrancisco.inf.br\/index.php\/2025\/10\/22\/rinha-de-galo-e-descoberta-pela-fpi-ba-em-miguel-calmon\/\" >\n\t\t\t\tRinha de galo \u00e9 descoberta pela FPI\/BA em Miguel Calmon\t\t\t<\/a>\n\t\t<\/h3>\n\t\t\n\t\t<a class=\"elementor-post__read-more\" href=\"https:\/\/fpisaofrancisco.inf.br\/index.php\/2025\/10\/22\/rinha-de-galo-e-descoberta-pela-fpi-ba-em-miguel-calmon\/\" aria-label=\"Leia mais sobre Rinha de galo \u00e9 descoberta pela FPI\/BA em Miguel Calmon\" tabindex=\"-1\" >\n\t\t\tLeia mais \u00bb\t\t<\/a>\n\n\t\t\t\t<\/div>\n\t\t\t\t<div class=\"elementor-post__meta-data\">\n\t\t\t\t\t<span class=\"elementor-post-date\">\n\t\t\toutubro 22, 2025\t\t<\/span>\n\t\t\t\t<\/div>\n\t\t\t\t\t<\/div>\n\t\t<\/article>\n\t\t\t\t<article class=\"elementor-post elementor-grid-item post-9043 post type-post status-publish format-standard has-post-thumbnail hentry category-52etapafpiba category-blog category-noticias category-noticias-bahia category-345 category-1 category-215 category-71 description-off\" role=\"listitem\">\n\t\t\t<div class=\"elementor-post__card\">\n\t\t\t\t<a class=\"elementor-post__thumbnail__link\" href=\"https:\/\/fpisaofrancisco.inf.br\/index.php\/2025\/10\/20\/povos-e-comunidades-tradicionais-1-ouve-quilombolas-e-fundo-de-pasto-em-mirangaba\/\" tabindex=\"-1\" ><div class=\"elementor-post__thumbnail\"><img loading=\"lazy\" decoding=\"async\" width=\"1280\" height=\"720\" src=\"https:\/\/fpisaofrancisco.inf.br\/wp-content\/uploads\/2025\/10\/WhatsApp-Image-2025-10-19-at-14.39.43.jpeg\" class=\"attachment-full size-full wp-image-9044\" alt=\"\" srcset=\"https:\/\/fpisaofrancisco.inf.br\/wp-content\/uploads\/2025\/10\/WhatsApp-Image-2025-10-19-at-14.39.43.jpeg 1280w, https:\/\/fpisaofrancisco.inf.br\/wp-content\/uploads\/2025\/10\/WhatsApp-Image-2025-10-19-at-14.39.43-300x169.jpeg 300w, https:\/\/fpisaofrancisco.inf.br\/wp-content\/uploads\/2025\/10\/WhatsApp-Image-2025-10-19-at-14.39.43-1024x576.jpeg 1024w, https:\/\/fpisaofrancisco.inf.br\/wp-content\/uploads\/2025\/10\/WhatsApp-Image-2025-10-19-at-14.39.43-768x432.jpeg 768w\" sizes=\"(max-width: 1280px) 100vw, 1280px\" \/><\/div><\/a>\n\t\t\t\t<div class=\"elementor-post__badge\">52\u00aa Etapa FPI BA<\/div>\n\t\t\t\t<div class=\"elementor-post__text\">\n\t\t\t\t<h3 class=\"elementor-post__title\">\n\t\t\t<a href=\"https:\/\/fpisaofrancisco.inf.br\/index.php\/2025\/10\/20\/povos-e-comunidades-tradicionais-1-ouve-quilombolas-e-fundo-de-pasto-em-mirangaba\/\" >\n\t\t\t\tPovos e Comunidades Tradicionais 1 ouve Quilombolas e Fundo de pasto em Mirangaba\t\t\t<\/a>\n\t\t<\/h3>\n\t\t\n\t\t<a class=\"elementor-post__read-more\" href=\"https:\/\/fpisaofrancisco.inf.br\/index.php\/2025\/10\/20\/povos-e-comunidades-tradicionais-1-ouve-quilombolas-e-fundo-de-pasto-em-mirangaba\/\" aria-label=\"Leia mais sobre Povos e Comunidades Tradicionais 1 ouve Quilombolas e Fundo de pasto em Mirangaba\" tabindex=\"-1\" >\n\t\t\tLeia mais \u00bb\t\t<\/a>\n\n\t\t\t\t<\/div>\n\t\t\t\t<div class=\"elementor-post__meta-data\">\n\t\t\t\t\t<span class=\"elementor-post-date\">\n\t\t\toutubro 20, 2025\t\t<\/span>\n\t\t\t\t<\/div>\n\t\t\t\t\t<\/div>\n\t\t<\/article>\n\t\t\t\t<\/div>\n\t\t\n\t\t\t\t\t\t<\/div>\n\t\t\t\t<\/div>\n\t\t\t\t<\/div>\n\t\t\t\t\t<\/div>\n\t\t\t\t<\/div>\n\t\t<div class=\"elementor-element elementor-element-50c119f e-flex e-con-boxed e-con e-parent\" data-id=\"50c119f\" data-element_type=\"container\" data-e-type=\"container\" data-settings=\"{&quot;background_background&quot;:&quot;classic&quot;}\">\n\t\t\t\t\t<div class=\"e-con-inner\">\n\t\t<div class=\"elementor-element elementor-element-ab76ef9 e-flex e-con-boxed e-con e-child\" data-id=\"ab76ef9\" data-element_type=\"container\" data-e-type=\"container\">\n\t\t\t\t\t<div class=\"e-con-inner\">\n\t\t\t\t<div class=\"elementor-element elementor-element-a12d962 elementor-widget elementor-widget-spacer\" data-id=\"a12d962\" data-element_type=\"widget\" data-e-type=\"widget\" data-widget_type=\"spacer.default\">\n\t\t\t\t<div class=\"elementor-widget-container\">\n\t\t\t\t\t\t\t<div class=\"elementor-spacer\">\n\t\t\t<div class=\"elementor-spacer-inner\"><\/div>\n\t\t<\/div>\n\t\t\t\t\t\t<\/div>\n\t\t\t\t<\/div>\n\t\t\t\t<div class=\"elementor-element elementor-element-3001547 elementor-widget elementor-widget-heading\" data-id=\"3001547\" data-element_type=\"widget\" data-e-type=\"widget\" data-widget_type=\"heading.default\">\n\t\t\t\t<div class=\"elementor-widget-container\">\n\t\t\t\t\t<h2 class=\"elementor-heading-title elementor-size-default\"><B>FPI<\/B> TV<\/h2>\t\t\t\t<\/div>\n\t\t\t\t<\/div>\n\t\t\t\t\t<\/div>\n\t\t\t\t<\/div>\n\t\t\t\t<div class=\"elementor-element elementor-element-7360f36 elementor-widget elementor-widget-video\" data-id=\"7360f36\" data-element_type=\"widget\" data-e-type=\"widget\" data-settings=\"{&quot;video_type&quot;:&quot;hosted&quot;,&quot;controls&quot;:&quot;yes&quot;}\" data-widget_type=\"video.default\">\n\t\t\t\t<div class=\"elementor-widget-container\">\n\t\t\t\t\t\t\t<div class=\"e-hosted-video elementor-wrapper elementor-open-inline\">\n\t\t\t\t\t<video class=\"elementor-video\" src=\"https:\/\/fpisaofrancisco.inf.br\/wp-content\/uploads\/2024\/05\/RIO-SAO-FRANCISCO-FPI-SITE.mp4\" controls=\"\" preload=\"metadata\" controlsList=\"nodownload\"><\/video>\n\t\t\t\t<\/div>\n\t\t\t\t\t\t<\/div>\n\t\t\t\t<\/div>\n\t\t\t\t\t<\/div>\n\t\t\t\t<\/div>\n\t\t\t\t<\/div>\n\t\t","protected":false},"excerpt":{"rendered":"<p>FPI POR ESTADO ALAGOAS BAHIA MINAS PERNAMBUCO SERGIPE FPI NOT\u00cdCIAS FPI TV https:\/\/fpisaofrancisco.inf.br\/wp-content\/uploads\/2024\/05\/RIO-SAO-FRANCISCO-FPI-SITE.mp4<\/p>\n","protected":false},"author":2,"featured_media":0,"parent":0,"menu_order":0,"comment_status":"closed","ping_status":"closed","template":"elementor_header_footer","meta":{"footnotes":""},"class_list":["post-5951","page","type-page","status-publish","hentry","category-345","category-1","category-215","category-71","description-off"],"aioseo_notices":[],"jetpack_sharing_enabled":true,"_links":{"self":[{"href":"https:\/\/fpisaofrancisco.inf.br\/index.php\/wp-json\/wp\/v2\/pages\/5951","targetHints":{"allow":["GET"]}}],"collection":[{"href":"https:\/\/fpisaofrancisco.inf.br\/index.php\/wp-json\/wp\/v2\/pages"}],"about":[{"href":"https:\/\/fpisaofrancisco.inf.br\/index.php\/wp-json\/wp\/v2\/types\/page"}],"author":[{"embeddable":true,"href":"https:\/\/fpisaofrancisco.inf.br\/index.php\/wp-json\/wp\/v2\/users\/2"}],"replies":[{"embeddable":true,"href":"https:\/\/fpisaofrancisco.inf.br\/index.php\/wp-json\/wp\/v2\/comments?post=5951"}],"version-history":[{"count":43,"href":"https:\/\/fpisaofrancisco.inf.br\/index.php\/wp-json\/wp\/v2\/pages\/5951\/revisions"}],"predecessor-version":[{"id":7062,"href":"https:\/\/fpisaofrancisco.inf.br\/index.php\/wp-json\/wp\/v2\/pages\/5951\/revisions\/7062"}],"wp:attachment":[{"href":"https:\/\/fpisaofrancisco.inf.br\/index.php\/wp-json\/wp\/v2\/media?parent=5951"}],"curies":[{"name":"wp","href":"https:\/\/api.w.org\/{rel}","templated":true}]}}